{"id":1694,"date":"2022-12-11T17:06:01","date_gmt":"2022-12-11T16:06:01","guid":{"rendered":"https:\/\/www.scrschnaittach.de\/neu2013\/wordpress\/?page_id=1694"},"modified":"2023-12-26T23:39:13","modified_gmt":"2023-12-26T22:39:13","slug":"scr-app","status":"publish","type":"page","link":"https:\/\/www.scrschnaittach.de\/neu2013\/wordpress\/?page_id=1694","title":{"rendered":"SCR App"},"content":{"rendered":"\t\t<div data-elementor-type=\"wp-page\" data-elementor-id=\"1694\" class=\"elementor elementor-1694\">\n\t\t\t\t\t\t<section class=\"elementor-section elementor-top-section elementor-element elementor-element-c6f2236 elementor-section-boxed elementor-section-height-default elementor-section-height-default wpr-particle-no wpr-jarallax-no wpr-parallax-no wpr-sticky-section-no wpr-equal-height-no\" data-id=\"c6f2236\" data-element_type=\"section\" data-e-type=\"section\" data-settings=\"{&quot;background_background&quot;:&quot;classic&quot;}\">\n\t\t\t\t\t\t<div class=\"elementor-container elementor-column-gap-default\">\n\t\t\t\t\t<div class=\"elementor-column elementor-col-66 elementor-top-column elementor-element elementor-element-e9b8fdd\" data-id=\"e9b8fdd\" data-element_type=\"column\" data-e-type=\"column\">\n\t\t\t<div class=\"elementor-widget-wrap elementor-element-populated\">\n\t\t\t\t\t\t<div class=\"elementor-element elementor-element-7f32724 elementor-hidden-mobile elementor-widget elementor-widget-spacer\" data-id=\"7f32724\" data-element_type=\"widget\" data-e-type=\"widget\" data-widget_type=\"spacer.default\">\n\t\t\t\t<div class=\"elementor-widget-container\">\n\t\t\t\t\t\t\t<div class=\"elementor-spacer\">\n\t\t\t<div class=\"elementor-spacer-inner\"><\/div>\n\t\t<\/div>\n\t\t\t\t\t\t<\/div>\n\t\t\t\t<\/div>\n\t\t\t\t<div class=\"elementor-element elementor-element-c1358bb elementor-widget elementor-widget-heading\" data-id=\"c1358bb\" data-element_type=\"widget\" data-e-type=\"widget\" data-widget_type=\"heading.default\">\n\t\t\t\t<div class=\"elementor-widget-container\">\n\t\t\t\t\t<h1 class=\"elementor-heading-title elementor-size-large\">Die SCR App<\/h1>\t\t\t\t<\/div>\n\t\t\t\t<\/div>\n\t\t\t\t<div class=\"elementor-element elementor-element-dc3ddd7 elementor-widget elementor-widget-text-editor\" data-id=\"dc3ddd7\" data-element_type=\"widget\" data-e-type=\"widget\" data-widget_type=\"text-editor.default\">\n\t\t\t\t<div class=\"elementor-widget-container\">\n\t\t\t\t\t\t\t\t\t<p>Alle wichtigen Infos zu Veranstaltungen, Trainings, Skikursen und den aktuellen News findest du in der SCR-App<\/p>\t\t\t\t\t\t\t\t<\/div>\n\t\t\t\t<\/div>\n\t\t\t\t<div class=\"elementor-element elementor-element-3469791 wpr-button-icon-b-position-left wpr-button-icon-a-position-left elementor-widget elementor-widget-wpr-dual-button\" data-id=\"3469791\" data-element_type=\"widget\" data-e-type=\"widget\" data-widget_type=\"wpr-dual-button.default\">\n\t\t\t\t<div class=\"elementor-widget-container\">\n\t\t\t\t\t\t\n\t<div class=\"wpr-dual-button\">\n\t\t\t\t\n\t\t\n\t\t<div class=\"wpr-button-a-wrap elementor-clearfix\">\n\t\t<a class=\"wpr-button-a wpr-button-effect wpr-button-none\" data-text=\"Go 1\" href=\"https:\/\/play.google.com\/store\/apps\/details?id=de.appack.project.scrschnaittach&#038;hl=de\">\n\t\t\t\n\t\t\t<span class=\"wpr-button-content-a\">\n\t\t\t\t\t\t\t\t\t<span class=\"wpr-button-text-a\">Android-App<\/span>\n\t\t\t\t\t\t\t\t\n\t\t\t\t\t\t\t\t\t<span class=\"wpr-button-icon-a\"><i class=\"fab fa-android\"><\/i><\/span>\n\t\t\t\t\t\t\t<\/span>\n\t\t<\/a>\n\n\t\t\n\t\t\n\t\t<\/div>\n\n\t\t\n\t\t\t\t\t\n\t\t\n\t\t<div class=\"wpr-button-b-wrap elementor-clearfix\">\n\t\t<a class=\"wpr-button-b wpr-button-effect wpr-button-none\" data-text=\"Go\" href=\"https:\/\/apps.apple.com\/de\/app\/scr-schnaittach-e-v\/id1588397532\">\n\t\t\t\n\t\t\t<span class=\"wpr-button-content-b\">\n\t\t\t\t\t\t\t\t\t<span class=\"wpr-button-text-b\">Apple-App<\/span>\n\t\t\t\t\t\t\t\t\n\t\t\t\t\t\t\t\t\t<span class=\"wpr-button-icon-b\"><i class=\"fab fa-apple\"><\/i><\/span>\n\t\t\t\t\t\t\t<\/span>\n\t\t<\/a>\n\n\t\t\t\t<\/div>\n\t\n\t\t\t<\/div>\n\t\t\t\t\t<\/div>\n\t\t\t\t<\/div>\n\t\t\t\t<div class=\"elementor-element elementor-element-cb1a113 elementor-widget elementor-widget-heading\" data-id=\"cb1a113\" data-element_type=\"widget\" data-e-type=\"widget\" data-widget_type=\"heading.default\">\n\t\t\t\t<div class=\"elementor-widget-container\">\n\t\t\t\t\t<h2 class=\"elementor-heading-title elementor-size-medium\">Alles zur App<\/h2>\t\t\t\t<\/div>\n\t\t\t\t<\/div>\n\t\t\t\t<div class=\"elementor-element elementor-element-5ec6b95 elementor-widget elementor-widget-text-editor\" data-id=\"5ec6b95\" data-element_type=\"widget\" data-e-type=\"widget\" data-widget_type=\"text-editor.default\">\n\t\t\t\t<div class=\"elementor-widget-container\">\n\t\t\t\t\t\t\t\t\t<p>Mit der SCR Schnaittach App hast Du Deinen Verein immer dabei. Wir er\u00f6ffnen Dir eine neue digitale Welt mit verschiedenen Interaktionen aus unserer Sparten-Vielfalt, den Abteilungen Alpin, Nordisch, Leichtathletik, Mountainbike oder Multisport (Biathle, Triathle, Laser-Run, Schwimmen, Biken, Laufen, Wandern) sowie zum Programm vom scr-kultur-pur<br \/><br \/>Allgemein: Alle Informationen \u00fcber den SCR findest Du in dieser App, alle sportlichen und gesellschaftlichen Aktivit\u00e4ten, die Abteilungs- und \u00dcbungsleiter, unsere Sportst\u00e4tten und Treffpunkte, Bildergalerie, schwarzes Brett, Chats, Sponsorenplattform, \u00dcbungsleiter-Abrechnung und vieles mehr<br \/><br \/>Pushnachrichten: Du entscheidest, zu welchen aktuellen Ereignissen Du Nachrichten erhalten willst, z.B. aktuelles aus den einzelnen Abteilungen, zum Hallentraining oder Skikursen, Skilift oder Loipe, Veranstaltungen oder Mitgliaederversammlungen<br \/><br \/>Sport: Hier findest Du einen \u00dcberblick \u00fcber das gesamte Sport- und Veranstaltungsangebot, Termine kannst Du in den Kalender Deines Smartphones \u00fcbernehmen und Dich zu den Veranstaltungen digital anmelden<br \/><br \/>Fan-Reporter: Von Veranstaltungen k\u00f6nnen Action-Bilder direkt in der App ver\u00f6ffentlicht werden<br \/><br \/>Lade Dir die SCR Schnaittach App auf Dein Smartphone und beteilige Dich aktiv an unserem Vereinsleben!<\/p>\t\t\t\t\t\t\t\t<\/div>\n\t\t\t\t<\/div>\n\t\t\t\t\t<\/div>\n\t\t<\/div>\n\t\t\t\t<div class=\"elementor-column elementor-col-33 elementor-top-column elementor-element elementor-element-54747e5\" data-id=\"54747e5\" data-element_type=\"column\" data-e-type=\"column\">\n\t\t\t<div class=\"elementor-widget-wrap elementor-element-populated\">\n\t\t\t\t\t\t<div class=\"elementor-element elementor-element-9c443a5 elementor-widget elementor-widget-image\" data-id=\"9c443a5\" data-element_type=\"widget\" data-e-type=\"widget\" data-widget_type=\"image.default\">\n\t\t\t\t<div class=\"elementor-widget-container\">\n\t\t\t\t\t\t\t\t\t\t\t\t\t\t\t<img fetchpriority=\"high\" decoding=\"async\" width=\"378\" height=\"659\" src=\"https:\/\/www.scrschnaittach.de\/neu2013\/wordpress\/wp-content\/uploads\/2022\/12\/SCR-App-removebg-preview.png\" class=\"attachment-large size-large wp-image-1703\" alt=\"SCR-App Screenshot\" srcset=\"https:\/\/www.scrschnaittach.de\/neu2013\/wordpress\/wp-content\/uploads\/2022\/12\/SCR-App-removebg-preview.png 378w, https:\/\/www.scrschnaittach.de\/neu2013\/wordpress\/wp-content\/uploads\/2022\/12\/SCR-App-removebg-preview-172x300.png 172w\" sizes=\"(max-width: 378px) 100vw, 378px\" \/>\t\t\t\t\t\t\t\t\t\t\t\t\t\t\t<\/div>\n\t\t\t\t<\/div>\n\t\t\t\t\t<\/div>\n\t\t<\/div>\n\t\t\t\t\t<\/div>\n\t\t<\/section>\n\t\t\t\t<\/div>\n\t\t","protected":false},"excerpt":{"rendered":"<p>Die SCR App Alle wichtigen Infos zu Veranstaltungen, Trainings, Skikursen und den aktuellen News findest du in der SCR-App Android-App Apple-App Alles zur App Mit der SCR Schnaittach App hast Du Deinen Verein immer dabei. Wir er\u00f6ffnen Dir eine neue digitale Welt mit verschiedenen Interaktionen aus unserer Sparten-Vielfalt, den Abteilungen Alpin, Nordisch, Leichtathletik, Mountainbike oder Multisport (Biathle, Triathle, Laser-Run, Schwimmen, Biken, Laufen, Wandern) sowie zum Programm vom scr-kultur-pur Allgemein: Alle Informationen \u00fcber den SCR findest Du in dieser App, alle sportlichen und gesellschaftlichen Aktivit\u00e4ten, die Abteilungs- und \u00dcbungsleiter, unsere Sportst\u00e4tten und Treffpunkte, Bildergalerie, schwarzes Brett, Chats, Sponsorenplattform, \u00dcbungsleiter-Abrechnung und vieles mehr Pushnachrichten: Du entscheidest, zu welchen aktuellen Ereignissen Du Nachrichten erhalten willst, z.B. aktuelles aus den einzelnen Abteilungen, zum Hallentraining oder Skikursen, Skilift oder Loipe, Veranstaltungen oder Mitgliaederversammlungen Sport: Hier findest Du einen \u00dcberblick \u00fcber das gesamte Sport- und Veranstaltungsangebot, Termine kannst Du in den Kalender Deines Smartphones \u00fcbernehmen und Dich zu den Veranstaltungen digital anmelden Fan-Reporter: Von Veranstaltungen k\u00f6nnen Action-Bilder direkt in der App ver\u00f6ffentlicht werden Lade Dir die SCR Schnaittach App auf Dein Smartphone und beteilige Dich aktiv an unserem Vereinsleben!<\/p>\n","protected":false},"author":3,"featured_media":0,"parent":0,"menu_order":0,"comment_status":"closed","ping_status":"closed","template":"elementor_header_footer","meta":{"footnotes":"","_links_to":"","_links_to_target":""},"class_list":["post-1694","page","type-page","status-publish"],"yoast_head":"<!-- This site is optimized with the Yoast SEO plugin v27.5 - https:\/\/yoast.com\/product\/yoast-seo-wordpress\/ -->\n<title>\u27a4 SCR-App zum Download IOS &amp; Android<\/title>\n<meta name=\"robots\" content=\"index, follow, max-snippet:-1, max-image-preview:large, max-video-preview:-1\" \/>\n<link rel=\"canonical\" href=\"https:\/\/www.scrschnaittach.de\/neu2013\/wordpress\/?page_id=1694\" \/>\n<meta property=\"og:locale\" content=\"de_DE\" \/>\n<meta property=\"og:type\" content=\"article\" \/>\n<meta property=\"og:title\" content=\"\u27a4 SCR-App zum Download IOS &amp; Android\" \/>\n<meta property=\"og:description\" content=\"Die SCR App Alle wichtigen Infos zu Veranstaltungen, Trainings, Skikursen und den aktuellen News findest du in der SCR-App Android-App Apple-App Alles zur App Mit der SCR Schnaittach App hast Du Deinen Verein immer dabei. Wir er\u00f6ffnen Dir eine neue digitale Welt mit verschiedenen Interaktionen aus unserer Sparten-Vielfalt, den Abteilungen Alpin, Nordisch, Leichtathletik, Mountainbike oder Multisport (Biathle, Triathle, Laser-Run, Schwimmen, Biken, Laufen, Wandern) sowie zum Programm vom scr-kultur-pur Allgemein: Alle Informationen \u00fcber den SCR findest Du in dieser App, alle sportlichen und gesellschaftlichen Aktivit\u00e4ten, die Abteilungs- und \u00dcbungsleiter, unsere Sportst\u00e4tten und Treffpunkte, Bildergalerie, schwarzes Brett, Chats, Sponsorenplattform, \u00dcbungsleiter-Abrechnung und vieles mehr Pushnachrichten: Du entscheidest, zu welchen aktuellen Ereignissen Du Nachrichten erhalten willst, z.B. aktuelles aus den einzelnen Abteilungen, zum Hallentraining oder Skikursen, Skilift oder Loipe, Veranstaltungen oder Mitgliaederversammlungen Sport: Hier findest Du einen \u00dcberblick \u00fcber das gesamte Sport- und Veranstaltungsangebot, Termine kannst Du in den Kalender Deines Smartphones \u00fcbernehmen und Dich zu den Veranstaltungen digital anmelden Fan-Reporter: Von Veranstaltungen k\u00f6nnen Action-Bilder direkt in der App ver\u00f6ffentlicht werden Lade Dir die SCR Schnaittach App auf Dein Smartphone und beteilige Dich aktiv an unserem Vereinsleben!\" \/>\n<meta property=\"og:url\" content=\"https:\/\/www.scrschnaittach.de\/neu2013\/wordpress\/?page_id=1694\" \/>\n<meta property=\"og:site_name\" content=\"SCR-Schnaittach\" \/>\n<meta property=\"article:publisher\" content=\"https:\/\/www.facebook.com\/SCRSchnaittach\" \/>\n<meta property=\"article:modified_time\" content=\"2023-12-26T22:39:13+00:00\" \/>\n<meta property=\"og:image\" content=\"https:\/\/www.scrschnaittach.de\/neu2013\/wordpress\/wp-content\/uploads\/2022\/12\/SCR-App-removebg-preview.png\" \/>\n<meta name=\"twitter:card\" content=\"summary_large_image\" \/>\n<meta name=\"twitter:label1\" content=\"Gesch\u00e4tzte Lesezeit\" \/>\n\t<meta name=\"twitter:data1\" content=\"2\u00a0Minuten\" \/>\n<script type=\"application\/ld+json\" class=\"yoast-schema-graph\">{\"@context\":\"https:\\\/\\\/schema.org\",\"@graph\":[{\"@type\":\"WebPage\",\"@id\":\"https:\\\/\\\/www.scrschnaittach.de\\\/neu2013\\\/wordpress\\\/?page_id=1694\",\"url\":\"https:\\\/\\\/www.scrschnaittach.de\\\/neu2013\\\/wordpress\\\/?page_id=1694\",\"name\":\"\u27a4 SCR-App zum Download IOS & Android\",\"isPartOf\":{\"@id\":\"https:\\\/\\\/www.scrschnaittach.de\\\/neu2013\\\/wordpress\\\/#website\"},\"primaryImageOfPage\":{\"@id\":\"https:\\\/\\\/www.scrschnaittach.de\\\/neu2013\\\/wordpress\\\/?page_id=1694#primaryimage\"},\"image\":{\"@id\":\"https:\\\/\\\/www.scrschnaittach.de\\\/neu2013\\\/wordpress\\\/?page_id=1694#primaryimage\"},\"thumbnailUrl\":\"https:\\\/\\\/www.scrschnaittach.de\\\/neu2013\\\/wordpress\\\/wp-content\\\/uploads\\\/2022\\\/12\\\/SCR-App-removebg-preview.png\",\"datePublished\":\"2022-12-11T16:06:01+00:00\",\"dateModified\":\"2023-12-26T22:39:13+00:00\",\"breadcrumb\":{\"@id\":\"https:\\\/\\\/www.scrschnaittach.de\\\/neu2013\\\/wordpress\\\/?page_id=1694#breadcrumb\"},\"inLanguage\":\"de\",\"potentialAction\":[{\"@type\":\"ReadAction\",\"target\":[\"https:\\\/\\\/www.scrschnaittach.de\\\/neu2013\\\/wordpress\\\/?page_id=1694\"]}]},{\"@type\":\"ImageObject\",\"inLanguage\":\"de\",\"@id\":\"https:\\\/\\\/www.scrschnaittach.de\\\/neu2013\\\/wordpress\\\/?page_id=1694#primaryimage\",\"url\":\"https:\\\/\\\/www.scrschnaittach.de\\\/neu2013\\\/wordpress\\\/wp-content\\\/uploads\\\/2022\\\/12\\\/SCR-App-removebg-preview.png\",\"contentUrl\":\"https:\\\/\\\/www.scrschnaittach.de\\\/neu2013\\\/wordpress\\\/wp-content\\\/uploads\\\/2022\\\/12\\\/SCR-App-removebg-preview.png\",\"width\":378,\"height\":659,\"caption\":\"SCR-App Screenshot\"},{\"@type\":\"BreadcrumbList\",\"@id\":\"https:\\\/\\\/www.scrschnaittach.de\\\/neu2013\\\/wordpress\\\/?page_id=1694#breadcrumb\",\"itemListElement\":[{\"@type\":\"ListItem\",\"position\":1,\"name\":\"Startseite\",\"item\":\"https:\\\/\\\/www.scrschnaittach.de\\\/neu2013\\\/wordpress\\\/\"},{\"@type\":\"ListItem\",\"position\":2,\"name\":\"SCR App\"}]},{\"@type\":\"WebSite\",\"@id\":\"https:\\\/\\\/www.scrschnaittach.de\\\/neu2013\\\/wordpress\\\/#website\",\"url\":\"https:\\\/\\\/www.scrschnaittach.de\\\/neu2013\\\/wordpress\\\/\",\"name\":\"SCR-Schnaittach\",\"description\":\"Skiing - Cycling - Running\",\"publisher\":{\"@id\":\"https:\\\/\\\/www.scrschnaittach.de\\\/neu2013\\\/wordpress\\\/#organization\"},\"potentialAction\":[{\"@type\":\"SearchAction\",\"target\":{\"@type\":\"EntryPoint\",\"urlTemplate\":\"https:\\\/\\\/www.scrschnaittach.de\\\/neu2013\\\/wordpress\\\/?s={search_term_string}\"},\"query-input\":{\"@type\":\"PropertyValueSpecification\",\"valueRequired\":true,\"valueName\":\"search_term_string\"}}],\"inLanguage\":\"de\"},{\"@type\":\"Organization\",\"@id\":\"https:\\\/\\\/www.scrschnaittach.de\\\/neu2013\\\/wordpress\\\/#organization\",\"name\":\"SCR-Schnaittach\",\"url\":\"https:\\\/\\\/www.scrschnaittach.de\\\/neu2013\\\/wordpress\\\/\",\"logo\":{\"@type\":\"ImageObject\",\"inLanguage\":\"de\",\"@id\":\"https:\\\/\\\/www.scrschnaittach.de\\\/neu2013\\\/wordpress\\\/#\\\/schema\\\/logo\\\/image\\\/\",\"url\":\"https:\\\/\\\/www.scrschnaittach.de\\\/neu2013\\\/wordpress\\\/wp-content\\\/uploads\\\/2022\\\/12\\\/scrlogo.png\",\"contentUrl\":\"https:\\\/\\\/www.scrschnaittach.de\\\/neu2013\\\/wordpress\\\/wp-content\\\/uploads\\\/2022\\\/12\\\/scrlogo.png\",\"width\":77,\"height\":90,\"caption\":\"SCR-Schnaittach\"},\"image\":{\"@id\":\"https:\\\/\\\/www.scrschnaittach.de\\\/neu2013\\\/wordpress\\\/#\\\/schema\\\/logo\\\/image\\\/\"},\"sameAs\":[\"https:\\\/\\\/www.facebook.com\\\/SCRSchnaittach\"]}]}<\/script>\n<!-- \/ Yoast SEO plugin. -->","yoast_head_json":{"title":"\u27a4 SCR-App zum Download IOS & Android","robots":{"index":"index","follow":"follow","max-snippet":"max-snippet:-1","max-image-preview":"max-image-preview:large","max-video-preview":"max-video-preview:-1"},"canonical":"https:\/\/www.scrschnaittach.de\/neu2013\/wordpress\/?page_id=1694","og_locale":"de_DE","og_type":"article","og_title":"\u27a4 SCR-App zum Download IOS & Android","og_description":"Die SCR App Alle wichtigen Infos zu Veranstaltungen, Trainings, Skikursen und den aktuellen News findest du in der SCR-App Android-App Apple-App Alles zur App Mit der SCR Schnaittach App hast Du Deinen Verein immer dabei. Wir er\u00f6ffnen Dir eine neue digitale Welt mit verschiedenen Interaktionen aus unserer Sparten-Vielfalt, den Abteilungen Alpin, Nordisch, Leichtathletik, Mountainbike oder Multisport (Biathle, Triathle, Laser-Run, Schwimmen, Biken, Laufen, Wandern) sowie zum Programm vom scr-kultur-pur Allgemein: Alle Informationen \u00fcber den SCR findest Du in dieser App, alle sportlichen und gesellschaftlichen Aktivit\u00e4ten, die Abteilungs- und \u00dcbungsleiter, unsere Sportst\u00e4tten und Treffpunkte, Bildergalerie, schwarzes Brett, Chats, Sponsorenplattform, \u00dcbungsleiter-Abrechnung und vieles mehr Pushnachrichten: Du entscheidest, zu welchen aktuellen Ereignissen Du Nachrichten erhalten willst, z.B. aktuelles aus den einzelnen Abteilungen, zum Hallentraining oder Skikursen, Skilift oder Loipe, Veranstaltungen oder Mitgliaederversammlungen Sport: Hier findest Du einen \u00dcberblick \u00fcber das gesamte Sport- und Veranstaltungsangebot, Termine kannst Du in den Kalender Deines Smartphones \u00fcbernehmen und Dich zu den Veranstaltungen digital anmelden Fan-Reporter: Von Veranstaltungen k\u00f6nnen Action-Bilder direkt in der App ver\u00f6ffentlicht werden Lade Dir die SCR Schnaittach App auf Dein Smartphone und beteilige Dich aktiv an unserem Vereinsleben!","og_url":"https:\/\/www.scrschnaittach.de\/neu2013\/wordpress\/?page_id=1694","og_site_name":"SCR-Schnaittach","article_publisher":"https:\/\/www.facebook.com\/SCRSchnaittach","article_modified_time":"2023-12-26T22:39:13+00:00","og_image":[{"url":"https:\/\/www.scrschnaittach.de\/neu2013\/wordpress\/wp-content\/uploads\/2022\/12\/SCR-App-removebg-preview.png","type":"","width":"","height":""}],"twitter_card":"summary_large_image","twitter_misc":{"Gesch\u00e4tzte Lesezeit":"2\u00a0Minuten"},"schema":{"@context":"https:\/\/schema.org","@graph":[{"@type":"WebPage","@id":"https:\/\/www.scrschnaittach.de\/neu2013\/wordpress\/?page_id=1694","url":"https:\/\/www.scrschnaittach.de\/neu2013\/wordpress\/?page_id=1694","name":"\u27a4 SCR-App zum Download IOS & Android","isPartOf":{"@id":"https:\/\/www.scrschnaittach.de\/neu2013\/wordpress\/#website"},"primaryImageOfPage":{"@id":"https:\/\/www.scrschnaittach.de\/neu2013\/wordpress\/?page_id=1694#primaryimage"},"image":{"@id":"https:\/\/www.scrschnaittach.de\/neu2013\/wordpress\/?page_id=1694#primaryimage"},"thumbnailUrl":"https:\/\/www.scrschnaittach.de\/neu2013\/wordpress\/wp-content\/uploads\/2022\/12\/SCR-App-removebg-preview.png","datePublished":"2022-12-11T16:06:01+00:00","dateModified":"2023-12-26T22:39:13+00:00","breadcrumb":{"@id":"https:\/\/www.scrschnaittach.de\/neu2013\/wordpress\/?page_id=1694#breadcrumb"},"inLanguage":"de","potentialAction":[{"@type":"ReadAction","target":["https:\/\/www.scrschnaittach.de\/neu2013\/wordpress\/?page_id=1694"]}]},{"@type":"ImageObject","inLanguage":"de","@id":"https:\/\/www.scrschnaittach.de\/neu2013\/wordpress\/?page_id=1694#primaryimage","url":"https:\/\/www.scrschnaittach.de\/neu2013\/wordpress\/wp-content\/uploads\/2022\/12\/SCR-App-removebg-preview.png","contentUrl":"https:\/\/www.scrschnaittach.de\/neu2013\/wordpress\/wp-content\/uploads\/2022\/12\/SCR-App-removebg-preview.png","width":378,"height":659,"caption":"SCR-App Screenshot"},{"@type":"BreadcrumbList","@id":"https:\/\/www.scrschnaittach.de\/neu2013\/wordpress\/?page_id=1694#breadcrumb","itemListElement":[{"@type":"ListItem","position":1,"name":"Startseite","item":"https:\/\/www.scrschnaittach.de\/neu2013\/wordpress\/"},{"@type":"ListItem","position":2,"name":"SCR App"}]},{"@type":"WebSite","@id":"https:\/\/www.scrschnaittach.de\/neu2013\/wordpress\/#website","url":"https:\/\/www.scrschnaittach.de\/neu2013\/wordpress\/","name":"SCR-Schnaittach","description":"Skiing - Cycling - Running","publisher":{"@id":"https:\/\/www.scrschnaittach.de\/neu2013\/wordpress\/#organization"},"potentialAction":[{"@type":"SearchAction","target":{"@type":"EntryPoint","urlTemplate":"https:\/\/www.scrschnaittach.de\/neu2013\/wordpress\/?s={search_term_string}"},"query-input":{"@type":"PropertyValueSpecification","valueRequired":true,"valueName":"search_term_string"}}],"inLanguage":"de"},{"@type":"Organization","@id":"https:\/\/www.scrschnaittach.de\/neu2013\/wordpress\/#organization","name":"SCR-Schnaittach","url":"https:\/\/www.scrschnaittach.de\/neu2013\/wordpress\/","logo":{"@type":"ImageObject","inLanguage":"de","@id":"https:\/\/www.scrschnaittach.de\/neu2013\/wordpress\/#\/schema\/logo\/image\/","url":"https:\/\/www.scrschnaittach.de\/neu2013\/wordpress\/wp-content\/uploads\/2022\/12\/scrlogo.png","contentUrl":"https:\/\/www.scrschnaittach.de\/neu2013\/wordpress\/wp-content\/uploads\/2022\/12\/scrlogo.png","width":77,"height":90,"caption":"SCR-Schnaittach"},"image":{"@id":"https:\/\/www.scrschnaittach.de\/neu2013\/wordpress\/#\/schema\/logo\/image\/"},"sameAs":["https:\/\/www.facebook.com\/SCRSchnaittach"]}]}},"_links":{"self":[{"href":"https:\/\/www.scrschnaittach.de\/neu2013\/wordpress\/index.php?rest_route=\/wp\/v2\/pages\/1694","targetHints":{"allow":["GET"]}}],"collection":[{"href":"https:\/\/www.scrschnaittach.de\/neu2013\/wordpress\/index.php?rest_route=\/wp\/v2\/pages"}],"about":[{"href":"https:\/\/www.scrschnaittach.de\/neu2013\/wordpress\/index.php?rest_route=\/wp\/v2\/types\/page"}],"author":[{"embeddable":true,"href":"https:\/\/www.scrschnaittach.de\/neu2013\/wordpress\/index.php?rest_route=\/wp\/v2\/users\/3"}],"replies":[{"embeddable":true,"href":"https:\/\/www.scrschnaittach.de\/neu2013\/wordpress\/index.php?rest_route=%2Fwp%2Fv2%2Fcomments&post=1694"}],"version-history":[{"count":16,"href":"https:\/\/www.scrschnaittach.de\/neu2013\/wordpress\/index.php?rest_route=\/wp\/v2\/pages\/1694\/revisions"}],"predecessor-version":[{"id":1779,"href":"https:\/\/www.scrschnaittach.de\/neu2013\/wordpress\/index.php?rest_route=\/wp\/v2\/pages\/1694\/revisions\/1779"}],"wp:attachment":[{"href":"https:\/\/www.scrschnaittach.de\/neu2013\/wordpress\/index.php?rest_route=%2Fwp%2Fv2%2Fmedia&parent=1694"}],"curies":[{"name":"wp","href":"https:\/\/api.w.org\/{rel}","templated":true}]}}